{"id":3,"date":"2023-11-03T10:23:54","date_gmt":"2023-11-03T10:23:54","guid":{"rendered":"https:\/\/www.bootshaus-kuestergarten.de\/?page_id=3"},"modified":"2024-01-21T11:11:20","modified_gmt":"2024-01-21T11:11:20","slug":"privacy-policy","status":"publish","type":"page","link":"https:\/\/www.bootshaus-kuestergarten.de\/?page_id=3","title":{"rendered":"Impressum"},"content":{"rendered":"\n<h3 class=\"wp-block-heading has-theme-palette-9-color has-theme-palette-2-background-color has-text-color has-background has-link-color wp-elements-5db20cb026c487fc4715f8919d827947\">Impressum<br>Diese Webseite dient gemeinn\u00fctzigen Zwecken ohne gesch\u00e4ftliche Interessen.<\/h3>\n\n\n\n<p class=\"has-theme-palette-9-color has-theme-palette-2-background-color has-text-color has-background has-link-color has-medium-font-size wp-elements-06b161ce86c108958184010e2b519335\">Verantwortlich gem\u00e4\u00df \u00a7 6 MDStV\/Gesch\u00e4ftsstelle:<br>Bernd Haude<br>Martha-Arendsee-Str. 14, 12681 Berlin<br>Tel: 0177 4170664 \/ 030 64825033<br>Bootshaus Am K\u00fcstergarten e.V.<br>gemeinn\u00fctziger Verein<br>Vereinsregister Nr. : 11165 Nz<br><br>Verantwortlich f\u00fcr den redaktionellen Inhalt: <br>Klaus Dornath<br>Tel: 0171 4204254 \/ 030 6759342<br>Mail: office@video-asse.com<br><\/p>\n\n\n\n<h3 class=\"wp-block-heading has-theme-palette-9-color has-theme-palette-2-background-color has-text-color has-background has-link-color wp-elements-bf914d7d20c0f56dfe09dfafd245579d\">Haftung f\u00fcr Inhalte<\/h3>\n\n\n\n<p class=\"has-theme-palette-9-color has-theme-palette-2-background-color has-text-color has-background has-link-color wp-elements-86d707fd6b2a77fad6a1470e32fa1f26\">Der Inhalt der Seiten wurde mit gr\u00f6\u00dfter Sorgfalt erstellt. F\u00fcr die Richtigkeit, Vollst\u00e4ndigkeit und Aktualit\u00e4t der Inhalte wird keine Gew\u00e4hr \u00fcbernommen. Als Diensteanbieter bin ich gem\u00e4\u00df \u00a7 7 Abs.1 TMG f\u00fcr eigene Inhalte auf diesen Seiten nach den allgemeinen Gesetzen verantwortlich. Nach \u00a7\u00a7 8 bis 10 TMG bin ich als Diensteanbieter jedoch nicht verpflichtet, \u00fcbermittelte oder gespeicherte fremde Informationen zu \u00fcberwachen oder nach Umst\u00e4nden zu forschen, die auf eine rechtswidrige T\u00e4tigkeit hinweisen. Verpflichtungen zur Entfernung oder Sperrung der Nutzung von Informationen nach den allgemeinen Gesetzen bleiben hiervon unber\u00fchrt. Eine diesbez\u00fcgliche Haftung ist jedoch erst ab dem Zeitpunkt der Kenntnis einer konkreten Rechtsverletzung m\u00f6glich. Bei Bekanntwerden von entsprechenden Rechtsverletzungen werde ich diese Inhalte umgehend entfernen.<\/p>\n\n\n\n<h3 class=\"wp-block-heading has-theme-palette-9-color has-theme-palette-2-background-color has-text-color has-background has-link-color wp-elements-c34b2f2b2cf28c781f3636a989cc4e3b\">Haftung f\u00fcr Links<\/h3>\n\n\n\n<p class=\"has-theme-palette-9-color has-theme-palette-2-background-color has-text-color has-background has-link-color wp-elements-1797e072cebcabc2a618e2f6ca938e45\">Das Angebot enth\u00e4lt Links zu externen Webseiten, auf deren Inhalte der Betreiber dieser Webseite keinen Einfluss hat. Deshalb kann f\u00fcr diese Inhalte keine Gew\u00e4hr \u00fcbernommen werden. F\u00fcr die Inhalte der verlinkten Seiten ist stets der jeweilige Anbieter oder Betreiber der Seiten verantwortlich. Die verlinkten Seiten wurden zum Zeitpunkt der Verlinkung auf m\u00f6gliche Rechtsverst\u00f6\u00dfe \u00fcberpr\u00fcft. Rechtswidrige Inhalte waren zum Zeitpunkt der Verlinkung nicht erkennbar. Eine permanente inhaltliche Kontrolle der verlinkten Seiten ist jedoch ohne konkrete Anhaltspunkte einer Rechtsverletzung nicht zumutbar. Bei Bekanntwerden von Rechtsverletzungen werden derartige Links umgehend entfernt.<\/p>\n\n\n\n<h4 class=\"wp-block-heading has-theme-palette-9-color has-theme-palette-2-background-color has-text-color has-background has-link-color wp-elements-a53dc612463abf98d53bfc006ea79973\">1. Bereitstellung der Website:<\/h4>\n\n\n\n<p class=\"has-theme-palette-9-color has-theme-palette-2-background-color has-text-color has-background has-link-color wp-elements-8361d2e9b406d1e502dfb093bc55c029\">Der Diensteanbieter stellt die Website und die damit verbundenen Leistungen freiwillig und bis auf weiteres kostenlos zur Verf\u00fcgung. Es besteht f\u00fcr die Nutzer(innen) insbesondere kein Rechtsanspruch auf<br>1. die Nutzung der Website, <br>2. die Aufrechterhaltung der Website, <br>3. die Fortf\u00fchrung oder Verbesserung der Website.<\/p>\n\n\n\n<h4 class=\"wp-block-heading has-theme-palette-9-color has-theme-palette-2-background-color has-text-color has-background has-link-color wp-elements-1778ab62c372f9cf3c5f6ce6b5364223\">2. Einstellung der Website:<\/h4>\n\n\n\n<p class=\"has-theme-palette-9-color has-theme-palette-2-background-color has-text-color has-background has-link-color wp-elements-99dbe9a421c43c0ef24da90ad027222e\">Der Diensteanbieter kann die Website und die damit verbundenen Leistungen jederzeit nach eigenem Ermessen einstellen.<\/p>\n\n\n\n<h4 class=\"wp-block-heading has-theme-palette-9-color has-theme-palette-2-background-color has-text-color has-background has-link-color wp-elements-1059aaf81cf6fde5db7208d7519270ad\">3. Inhalte fremder Anbieter:<\/h4>\n\n\n\n<p class=\"has-theme-palette-9-color has-theme-palette-2-background-color has-text-color has-background has-link-color wp-elements-7960eebaa9f9ba6176d0f3a064b2a3f1\">Wenn Sie diese Website verlassen, beispielsweise \u00fcber das Anklicken von Hyperlinks, und auf fremde Seiten gelangen, ist der Diensteanbieter f\u00fcr diese und deren Inhalte nicht verantwortlich. Vergleichen Sie dann bitte deren Datenschutzerkl\u00e4rungen und AGB.<\/p>\n\n\n\n<h4 class=\"wp-block-heading has-theme-palette-9-color has-theme-palette-2-background-color has-text-color has-background has-link-color wp-elements-8332ebc2c2216b7660603ec0fab71980\">4. Allgemeiner Haftungsausschluss:<\/h4>\n\n\n\n<p class=\"has-theme-palette-9-color has-theme-palette-2-background-color has-text-color has-background has-link-color wp-elements-6e79ec136a86d341420bc1cb6414495b\">Der Diensteanbieter \u00fcbernimmt keinerlei Haftungs- oder Schadensersatzanspr\u00fcche f\u00fcr auf der Website bereitgestellte Informationen (Daten und Inhalte). Jegliche Art der Nutzung der Website erfolgt ausschlie\u00dflich auf eigenes Risiko der Nutzer.<\/p>\n\n\n\n<p class=\"has-theme-palette-9-color has-theme-palette-2-background-color has-text-color has-background has-link-color has-medium-font-size wp-elements-a84bc0086f722f7fca427ca37419d52c\" style=\"padding-top:var(--wp--preset--spacing--20);padding-bottom:var(--wp--preset--spacing--20)\">Die folgenden Bestimmungen gelten f\u00fcr den Fall, dass Kommentare auf dieser Webseite erm\u00f6glicht werden sollten. <\/p>\n\n\n\n<h2 class=\"wp-block-heading has-theme-palette-9-color has-theme-palette-2-background-color has-text-color has-background has-link-color wp-elements-83e32e871e561bd3efa4c3e01a728a0b\">Cookies<\/h2>\n\n\n\n<p class=\"has-theme-palette-9-color has-theme-palette-2-background-color has-text-color has-background has-link-color wp-elements-b79b3c9024cac10f41d9bde7d38dfe04\">Das Hinterlassen eines Kommentars auf dieser Webseite  f\u00fchrt zur Speicherung des Namens, der E-Mail Adresse und der Webseite in Cookies. Das dient dazu, dass man die Anmeldedetails nicht nochmals ausf\u00fcllen muss, wenn ein weiterer Kommentar abgegeben wird. Diese Cookies werden nach einem Jahr gel\u00f6scht. <br>Beim Besuch der Login Seite wird ein tempor\u00e4res Cookie gesetzt, um festzustellen, ob ihr Browser Cookies akzeptiert. Dieses Cookie enth\u00e4lt keine pers\u00f6nlichen Daten und wird nach Schlie\u00dfen ihres Browsers wieder gel\u00f6scht. <br>Beim Einloggen werden einige Cookies zum Speichern der Login Informationen und der Anzeigeeigenschaften gesetzt. Login Cookies verblaiben 2 Tage, Anzeigecookies f\u00fcr 1 Jahr. Wenn sie speichern der Login Daten w\u00e4hlen, werden diese f\u00fcr 2 Wochen gespeichert. Wird der Account verlassen, werden die Login Cookies entfernt. <br>Wird ein Artikel editiert oder publiziert, wird ein weiteres Cookie im Browser gespeichert. Dieses Cookie enth\u00e4lt keine pers\u00f6nlichen Daten und zeigt nur die ID des editierten Artikels an. Es l\u00e4uft nach einem Tag ab. <\/p>\n\n\n\n<h2 class=\"wp-block-heading has-theme-palette-9-color has-theme-palette-2-background-color has-text-color has-background has-link-color wp-elements-6e437cc081954eeb9b42b9b45936e8e2\">Mit wem werden ihre Daten geteilt?<\/h2>\n\n\n\n<p class=\"has-theme-palette-9-color has-theme-palette-2-background-color has-text-color has-background has-link-color wp-elements-b0a7a707fb4c71407db8ea4c3fa1f22d\">Nach dem Zur\u00fccksetzen ihres Passworts wird ihre IP Adresse in die entsprechende E-Mail eingef\u00fcgt.<strong class=\"privacy-policy-tutorial\"><\/strong><\/p>\n\n\n\n<h2 class=\"wp-block-heading has-theme-palette-9-color has-theme-palette-2-background-color has-text-color has-background has-link-color wp-elements-0d3565bd9e880aae313fac9326c73126\">Wie lange werden ihre Daten gespeichert?<\/h2>\n\n\n\n<p class=\"has-theme-palette-9-color has-theme-palette-2-background-color has-text-color has-background has-link-color wp-elements-7d7522c16dfdd9d5bc70c1ae77a9fe4d\">Wird ein Kommentar hinterlassen, werden der Kommentar und seine Metadaten gespeichert. Dadurch werden aufeinander folgende Kommentare automatisch erkannt, ohne dass sie in einer Moderationswarteschlange bereitgestellt werden m\u00fcssen. <br>F\u00fcr Nutzer, die sich auf dieser Webseite registrieren werden pers\u00f6nliche Informationen, die sie bereitstellen, in einem Nutzerprofil gespeichert. Alle Nutzer k\u00f6nnen ihre pers\u00f6nlichen Informationen jederzeit ansehen, bearbeiten oder l\u00f6schen (au\u00dfer des Nutzernamens). Administratoren k\u00f6nnen diese Daten ebenfalls einsehen oder bearbeiten. <\/p>\n\n\n\n<h2 class=\"wp-block-heading has-theme-palette-9-color has-theme-palette-2-background-color has-text-color has-background has-link-color wp-elements-0a996f8984300de06cef986546049f4e\">Welche Rechte haben sie \u00fcber ihre Daten?<\/h2>\n\n\n\n<p class=\"has-theme-palette-9-color has-theme-palette-2-background-color has-text-color has-background has-link-color wp-elements-5bd35856e1c16fe36754a56be4ddc089\">Wenn sie einen Account auf dieser Seite besitzen oder Kommentare hinterlassen haben, k\u00f6nnen sie jederzeit Auskunft dar\u00fcber verlangen, welche pers\u00f6nlichen Daten wir bereithalten, einschlie\u00dflich aller Daten, die zu uns \u00fcbertragen wurden. Sie k\u00f6nnen ebenfalls verlangen, dass wir alle gespeicherten pers\u00f6nlichen Daten l\u00f6schen. Das betrifft keine Daten, bei denen wir verpflichtet sind, sie f\u00fcr administrative, legale oder Zwecke der Sicherheit zu speichern. <strong class=\"privacy-policy-tutorial\"><\/strong><\/p>\n\n\n\n<h2 class=\"wp-block-heading has-theme-palette-9-color has-theme-palette-2-background-color has-text-color has-background has-link-color wp-elements-dd795f79b8339ea76de04147f5fbc9e7\">Wohin werden ihre Daten gesendet?<\/h2>\n\n\n\n<p class=\"has-theme-palette-9-color has-theme-palette-2-background-color has-text-color has-background has-link-color wp-elements-6e8ae70bccc98c149d18afa8df6d369a\">Besucherkommentare k\u00f6nnen durch einen automatischen Spam Erkennungsservice gepr\u00fcft werden. <\/p>\n","protected":false},"excerpt":{"rendered":"<p>ImpressumDiese Webseite dient gemeinn\u00fctzigen Zwecken ohne gesch\u00e4ftliche Interessen. Verantwortlich gem\u00e4\u00df \u00a7 6 MDStV\/Gesch\u00e4ftsstelle:Bernd HaudeMartha-Arendsee-Str. 14, 12681 BerlinTel: 0177 4170664 \/ 030 64825033Bootshaus Am K\u00fcstergarten e.V.gemeinn\u00fctziger VereinVereinsregister Nr. : 11165 Nz Verantwortlich f\u00fcr den redaktionellen Inhalt: Klaus DornathTel: 0171 4204254 \/ 030 6759342Mail: office@video-asse.com Haftung f\u00fcr Inhalte Der Inhalt der Seiten wurde mit gr\u00f6\u00dfter Sorgfalt erstellt&#8230;.<\/p>\n","protected":false},"author":1,"featured_media":0,"parent":0,"menu_order":0,"comment_status":"closed","ping_status":"open","template":"","meta":{"pmpro_default_level":"","_kadence_starter_templates_imported_post":false,"_kad_post_transparent":"","_kad_post_title":"","_kad_post_layout":"normal","_kad_post_sidebar_id":"","_kad_post_content_style":"","_kad_post_vertical_padding":"","_kad_post_feature":"","_kad_post_feature_position":"","_kad_post_header":false,"_kad_post_footer":false,"_kad_post_classname":"","footnotes":""},"class_list":["post-3","page","type-page","status-publish","hentry","pmpro-has-access"],"_links":{"self":[{"href":"https:\/\/www.bootshaus-kuestergarten.de\/index.php?rest_route=\/wp\/v2\/pages\/3","targetHints":{"allow":["GET"]}}],"collection":[{"href":"https:\/\/www.bootshaus-kuestergarten.de\/index.php?rest_route=\/wp\/v2\/pages"}],"about":[{"href":"https:\/\/www.bootshaus-kuestergarten.de\/index.php?rest_route=\/wp\/v2\/types\/page"}],"author":[{"embeddable":true,"href":"https:\/\/www.bootshaus-kuestergarten.de\/index.php?rest_route=\/wp\/v2\/users\/1"}],"replies":[{"embeddable":true,"href":"https:\/\/www.bootshaus-kuestergarten.de\/index.php?rest_route=%2Fwp%2Fv2%2Fcomments&post=3"}],"version-history":[{"count":12,"href":"https:\/\/www.bootshaus-kuestergarten.de\/index.php?rest_route=\/wp\/v2\/pages\/3\/revisions"}],"predecessor-version":[{"id":134,"href":"https:\/\/www.bootshaus-kuestergarten.de\/index.php?rest_route=\/wp\/v2\/pages\/3\/revisions\/134"}],"wp:attachment":[{"href":"https:\/\/www.bootshaus-kuestergarten.de\/index.php?rest_route=%2Fwp%2Fv2%2Fmedia&parent=3"}],"curies":[{"name":"wp","href":"https:\/\/api.w.org\/{rel}","templated":true}]}}