{"id":28,"date":"2023-11-07T17:55:04","date_gmt":"2023-11-07T17:55:04","guid":{"rendered":"https:\/\/www.bootshaus-kuestergarten.de\/?page_id=28"},"modified":"2024-01-18T16:57:03","modified_gmt":"2024-01-18T16:57:03","slug":"startseite","status":"publish","type":"page","link":"https:\/\/www.bootshaus-kuestergarten.de\/","title":{"rendered":"Wer wir sind:"},"content":{"rendered":"\n<h3 class=\"wp-block-heading has-theme-palette-9-color has-text-color has-link-color wp-elements-778fd51995f552a2439829b6362e7d22\" style=\"font-style:normal;font-weight:600\">Wir sind ein eingetragener Sportverein f\u00fcr den Wassersport. <br>Unser Bootshaus liegt an der M\u00fcggelspree zwischen M\u00fcggelsee und D\u00e4meritzsee. <br>Wir sch\u00e4tzen unser Grundst\u00fcck als naturnahes Erholungsobjekt. Deshalb pflegen und erhalten wir es, nat\u00fcrlich ehrenamtlich. <br>Die gew\u00e4hlten Vorstandsmitglieder erf\u00fcllen ihre Aufgaben ebenfalls ehrenamtlich.<\/h3>\n\n\n\n<h3 class=\"wp-block-heading has-theme-palette-9-color has-text-color has-link-color wp-elements-45da9c58e0b5820fb77284feec208316\" style=\"padding-top:0;padding-bottom:0;font-style:normal;font-weight:600\">Unsere Vorliebe geh\u00f6rt dem Wasserwandern. <br>Mit unseren Booten sind wir dem Wasser nahe und deshalb voll engagiert f\u00fcr den Erhalt des Erholungswertes der Berliner Gew\u00e4sser. <br>Ein gro\u00dfes Anliegen ist uns der Erhalt der Natur und der Umwelt. <br>Auch auf unserem Vereinsgel\u00e4nde finden vielf\u00e4ltige sportliche Aktivit\u00e4ten statt.<\/h3>\n","protected":false},"excerpt":{"rendered":"<p>Wir sind ein eingetragener Sportverein f\u00fcr den Wassersport. Unser Bootshaus liegt an der M\u00fcggelspree zwischen M\u00fcggelsee und D\u00e4meritzsee. Wir sch\u00e4tzen unser Grundst\u00fcck als naturnahes Erholungsobjekt. Deshalb pflegen und erhalten wir es, nat\u00fcrlich ehrenamtlich. Die gew\u00e4hlten Vorstandsmitglieder erf\u00fcllen ihre Aufgaben ebenfalls ehrenamtlich. Unsere Vorliebe geh\u00f6rt dem Wasserwandern. Mit unseren Booten sind wir dem Wasser nahe und&#8230;<\/p>\n","protected":false},"author":1,"featured_media":0,"parent":0,"menu_order":0,"comment_status":"closed","ping_status":"closed","template":"","meta":{"pmpro_default_level":"","_kadence_starter_templates_imported_post":false,"_kad_post_transparent":"default","_kad_post_title":"default","_kad_post_layout":"default","_kad_post_sidebar_id":"","_kad_post_content_style":"default","_kad_post_vertical_padding":"default","_kad_post_feature":"default","_kad_post_feature_position":"","_kad_post_header":false,"_kad_post_footer":false,"_kad_post_classname":"","footnotes":""},"class_list":["post-28","page","type-page","status-publish","hentry","pmpro-has-access"],"_links":{"self":[{"href":"https:\/\/www.bootshaus-kuestergarten.de\/index.php?rest_route=\/wp\/v2\/pages\/28","targetHints":{"allow":["GET"]}}],"collection":[{"href":"https:\/\/www.bootshaus-kuestergarten.de\/index.php?rest_route=\/wp\/v2\/pages"}],"about":[{"href":"https:\/\/www.bootshaus-kuestergarten.de\/index.php?rest_route=\/wp\/v2\/types\/page"}],"author":[{"embeddable":true,"href":"https:\/\/www.bootshaus-kuestergarten.de\/index.php?rest_route=\/wp\/v2\/users\/1"}],"replies":[{"embeddable":true,"href":"https:\/\/www.bootshaus-kuestergarten.de\/index.php?rest_route=%2Fwp%2Fv2%2Fcomments&post=28"}],"version-history":[{"count":8,"href":"https:\/\/www.bootshaus-kuestergarten.de\/index.php?rest_route=\/wp\/v2\/pages\/28\/revisions"}],"predecessor-version":[{"id":88,"href":"https:\/\/www.bootshaus-kuestergarten.de\/index.php?rest_route=\/wp\/v2\/pages\/28\/revisions\/88"}],"wp:attachment":[{"href":"https:\/\/www.bootshaus-kuestergarten.de\/index.php?rest_route=%2Fwp%2Fv2%2Fmedia&parent=28"}],"curies":[{"name":"wp","href":"https:\/\/api.w.org\/{rel}","templated":true}]}}